{"id":1066,"date":"2025-05-28T11:50:49","date_gmt":"2025-05-28T11:50:49","guid":{"rendered":"https:\/\/www.agora-communications.com\/about-us\/"},"modified":"2026-03-05T15:02:36","modified_gmt":"2026-03-05T15:02:36","slug":"about-us","status":"publish","type":"page","link":"https:\/\/www.agora-communications.com\/en\/about-us\/","title":{"rendered":"About Us"},"content":{"rendered":"\t\t<div data-elementor-type=\"wp-post\" data-elementor-id=\"1066\" class=\"elementor elementor-1066 elementor-314\" data-elementor-post-type=\"page\">\n\t\t\t\t<div class=\"elementor-element elementor-element-04649b8 e-flex e-con-boxed e-con e-parent\" data-id=\"04649b8\" data-element_type=\"container\">\n\t\t\t\t\t<div class=\"e-con-inner\">\n\t\t<div class=\"elementor-element elementor-element-e4631c8 e-con-full e-flex e-con e-child\" data-id=\"e4631c8\" data-element_type=\"container\">\n\t\t\t\t<div class=\"elementor-element elementor-element-5e59875 elementor-widget-divider--view-line_text elementor-widget-divider--element-align-left elementor-invisible elementor-widget elementor-widget-divider\" data-id=\"5e59875\" data-element_type=\"widget\" data-settings=\"{&quot;_animation&quot;:&quot;fadeInDown&quot;}\" data-widget_type=\"divider.default\">\n\t\t\t\t<div class=\"elementor-widget-container\">\n\t\t\t\t\t\t\t<div class=\"elementor-divider\">\n\t\t\t<span class=\"elementor-divider-separator\">\n\t\t\t\t\t\t\t<h2 class=\"elementor-divider__text elementor-divider__element\">\n\t\t\t\tabout agora\t\t\t\t<\/h2>\n\t\t\t\t\t\t<\/span>\n\t\t<\/div>\n\t\t\t\t\t\t<\/div>\n\t\t\t\t<\/div>\n\t\t\t\t<div class=\"elementor-element elementor-element-178fa90 elementor-invisible elementor-widget elementor-widget-text-editor\" data-id=\"178fa90\" data-element_type=\"widget\" data-settings=\"{&quot;_animation&quot;:&quot;fadeInUp&quot;}\" data-widget_type=\"text-editor.default\">\n\t\t\t\t<div class=\"elementor-widget-container\">\n\t\t\t\t\t\t\t\t\t<p><strong>Our Vision:<\/strong> To lead transformations that <strong>create social value<\/strong> while supporting organizational growth through the power of communication.<\/p>\n<p><strong>Our Mission:<\/strong> To be the primary strategic partner guiding organizations to use their communication <strong>budgets effectively, efficiently, and with clear business outcomes.<\/strong><\/p>\n<p>The word Agora originates from Greek, meaning <em>a gathering place, a public open space, a marketplace<\/em>. In Ancient Greece, however, agoras were not merely squares\u2014<strong>they were centers that shaped a city\u2019s spirit, identity, and story<\/strong>. Even today, to understand a city, <strong>one would look at its agora<\/strong>.<\/p>\n<p>This is exactly what Agora Strategic Communication Consulting does today. Rather than addressing only day-to-day communication needs, we help brands build communication ecosystems that grow, evolve, and gain meaning over time.<\/p>\n<p>By uncovering the story, essence, and identity\u2014their agora\u2014of organizations and individuals, we make them visible, relevant, and meaningful to their stakeholders.<\/p>\n<ul>\n<li>We define organizational mission, vision, and values to build a solid strategic communication foundation.<\/li>\n<li>By grounding communication efforts in a clear strategic framework, we make them more effective and efficient.<\/li>\n<li>Through a well-positioned brand story, we strengthen corporate reputation and long-term trust.<\/li>\n<\/ul>\n\t\t\t\t\t\t\t\t<\/div>\n\t\t\t\t<\/div>\n\t\t\t\t<div class=\"elementor-element elementor-element-fdd961b elementor-widget-divider--view-line_text elementor-widget-divider--element-align-left elementor-invisible elementor-widget elementor-widget-divider\" data-id=\"fdd961b\" data-element_type=\"widget\" data-settings=\"{&quot;_animation&quot;:&quot;fadeInDown&quot;}\" data-widget_type=\"divider.default\">\n\t\t\t\t<div class=\"elementor-widget-container\">\n\t\t\t\t\t\t\t<div class=\"elementor-divider\">\n\t\t\t<span class=\"elementor-divider-separator\">\n\t\t\t\t\t\t\t<h2 class=\"elementor-divider__text elementor-divider__element\">\n\t\t\t\telvan salman\t\t\t\t<\/h2>\n\t\t\t\t\t\t<\/span>\n\t\t<\/div>\n\t\t\t\t\t\t<\/div>\n\t\t\t\t<\/div>\n\t\t<div class=\"elementor-element elementor-element-c553bf7 e-con-full e-flex e-con e-child\" data-id=\"c553bf7\" data-element_type=\"container\">\n\t\t<div class=\"elementor-element elementor-element-7d870bc e-con-full e-flex e-con e-child\" data-id=\"7d870bc\" data-element_type=\"container\">\n\t\t\t\t<div class=\"elementor-element elementor-element-a542b87 elementor-invisible elementor-widget elementor-widget-image\" data-id=\"a542b87\" data-element_type=\"widget\" data-settings=\"{&quot;_animation&quot;:&quot;fadeInRight&quot;,&quot;_animation_mobile&quot;:&quot;fadeInDown&quot;}\" data-widget_type=\"image.default\">\n\t\t\t\t<div class=\"elementor-widget-container\">\n\t\t\t\t\t\t\t\t\t\t\t\t\t\t\t<img fetchpriority=\"high\" decoding=\"async\" width=\"800\" height=\"800\" src=\"https:\/\/www.agora-communications.com\/wp-content\/uploads\/2025\/05\/elvan-salman-1024x1024.png\" class=\"attachment-large size-large wp-image-1038\" alt=\"\" srcset=\"https:\/\/www.agora-communications.com\/wp-content\/uploads\/2025\/05\/elvan-salman-1024x1024.png 1024w, https:\/\/www.agora-communications.com\/wp-content\/uploads\/2025\/05\/elvan-salman-300x300.png 300w, https:\/\/www.agora-communications.com\/wp-content\/uploads\/2025\/05\/elvan-salman-150x150.png 150w, https:\/\/www.agora-communications.com\/wp-content\/uploads\/2025\/05\/elvan-salman-768x768.png 768w, https:\/\/www.agora-communications.com\/wp-content\/uploads\/2025\/05\/elvan-salman.png 1080w\" sizes=\"(max-width: 800px) 100vw, 800px\" \/>\t\t\t\t\t\t\t\t\t\t\t\t\t\t\t<\/div>\n\t\t\t\t<\/div>\n\t\t\t\t<\/div>\n\t\t<div class=\"elementor-element elementor-element-e2ba07f e-con-full e-flex elementor-invisible e-con e-child\" data-id=\"e2ba07f\" data-element_type=\"container\" data-settings=\"{&quot;animation&quot;:&quot;fadeInLeft&quot;,&quot;animation_mobile&quot;:&quot;fadeInUp&quot;}\">\n\t\t\t\t<div class=\"elementor-element elementor-element-f9b43fa elementor-widget elementor-widget-text-editor\" data-id=\"f9b43fa\" data-element_type=\"widget\" data-settings=\"{&quot;_animation&quot;:&quot;none&quot;}\" data-widget_type=\"text-editor.default\">\n\t\t\t\t<div class=\"elementor-widget-container\">\n\t\t\t\t\t\t\t\t\t<p>After earning her undergraduate and graduate degrees in Political Science and International Relations from Bo\u011fazi\u00e7i University, she completed her education in Brand Communication at Sabanc\u0131 University.<\/p>\n<p>With over 15 years of experience, she has specialized in strategic communication, brand storytelling, and corporate reputation management across leading brands and agencies. She has managed communication functions from both in-house and agency perspectives, working with some of Turkey\u2019s leading corporate groups, including Sabanc\u0131 Holding, Anadolu Group, and Ko\u00e7 Holding.<\/p>\n<p>Today, she continues to apply her accumulated knowledge and experience as an independent strategic communication and personal brand consultant and trainer, working with organizations and professionals.<\/p>\n\t\t\t\t\t\t\t\t<\/div>\n\t\t\t\t<\/div>\n\t\t\t\t<div class=\"elementor-element elementor-element-3d5fd70 elementor-widget elementor-widget-ucaddon_square_to_circle_social_icons\" data-id=\"3d5fd70\" data-element_type=\"widget\" data-widget_type=\"ucaddon_square_to_circle_social_icons.default\">\n\t\t\t\t<div class=\"elementor-widget-container\">\n\t\t\t\t\t\n<!-- start Square to Circle Social Icons -->\n\t\t<link id='font-awesome-css' href='https:\/\/www.agora-communications.com\/wp-content\/plugins\/unlimited-elements-for-elementor-premium\/assets_libraries\/font-awesome6\/fontawesome-all.min.css' type='text\/css' rel='stylesheet' >\n\t\t<link id='font-awesome-4-shim-css' href='https:\/\/www.agora-communications.com\/wp-content\/plugins\/unlimited-elements-for-elementor-premium\/assets_libraries\/font-awesome6\/fontawesome-v4-shims.min.css' type='text\/css' rel='stylesheet' >\n\t\t<link id='uc_ac_assets_file_uc_fancy_flat_social_button_animation_css_1526-css' href='https:\/\/www.agora-communications.com\/wp-content\/uploads\/ac_assets\/uc_fancy_flat_social_button_animation\/uc_fancy_flat_social_button_animation.css' type='text\/css' rel='stylesheet' >\n\n<style>\/* widget: Square to Circle Social Icons *\/\n\n#uc_square_to_circle_social_icons_elementor_3d5fd70.social-icons-container {\n  display: flex;\n  min-width:32px;\n  min-height:32px;\n  \/*justify-content: center;\n  gap: 4px;*\/\n  font-size: 12px;\n}\n\n#uc_square_to_circle_social_icons_elementor_3d5fd70 .social-icons{\n\t\/*width: 50px;\n    height: 50px;\n    background-color: #3498db;*\/\n    display: flex;\n  \tflex-direction: column;\n    align-items: center;\n    justify-content: center;\n    transition: all 300ms ease;\n}\n\n#uc_square_to_circle_social_icons_elementor_3d5fd70 .icon-wrapper {\n    display: flex;\n}\n\n#uc_square_to_circle_social_icons_elementor_3d5fd70 .social-icons:hover{\n\tborder-radius:50%;\n}\n\n \/*#uc_square_to_circle_social_icons_elementor_3d5fd70 .icon-title {\n   font-size: 14px\n    color: #000;\n    margin: 0;\n}*\/\n\n#uc_square_to_circle_social_icons_elementor_3d5fd70 .icon-group {\n    display: flex;\n    flex-direction: column;\n    align-items: center;\n}\n\n<\/style>\n\n<div class=\"social-icons-container\" id=\"uc_square_to_circle_social_icons_elementor_3d5fd70\">\n    \n\t<div class=\"icon-group elementor-repeater-item-c3cc343\">\t\n\n      <a target=\"_blank\" href=\"https:\/\/www.linkedin.com\/in\/elvansalman\/\" class=\"social-icons elementor-animation-shrink\" aria-label=\"Linkedin\" rel=\"noopener\">\n        <div class=\"icon-wrapper\">\n          <i class='fab fa-linkedin-in'><\/i>\n        <\/div>\n                \t<span class=\"icon-title\">Linkedin<\/span>\n              <\/a>\n      \n            \n\t<\/div>\n\n\n\n<\/div>\n<!-- end Square to Circle Social Icons -->\t\t\t\t<\/div>\n\t\t\t\t<\/div>\n\t\t\t\t<\/div>\n\t\t\t\t<\/div>\n\t\t\t\t<\/div>\n\t\t<div class=\"elementor-element elementor-element-50458b2 e-con-full e-flex e-con e-child\" data-id=\"50458b2\" data-element_type=\"container\">\n\t\t\t\t<div class=\"elementor-element elementor-element-6944a5c animated-slow elementor-invisible elementor-widget elementor-widget-ucaddon_sideways_vertical_text\" data-id=\"6944a5c\" data-element_type=\"widget\" data-settings=\"{&quot;sticky&quot;:&quot;top&quot;,&quot;sticky_offset&quot;:180,&quot;sticky_parent&quot;:&quot;yes&quot;,&quot;_animation&quot;:&quot;fadeIn&quot;,&quot;sticky_offset_mobile&quot;:120,&quot;sticky_on&quot;:[&quot;desktop&quot;,&quot;tablet&quot;,&quot;mobile&quot;],&quot;sticky_effects_offset&quot;:0,&quot;sticky_anchor_link_offset&quot;:0}\" data-widget_type=\"ucaddon_sideways_vertical_text.default\">\n\t\t\t\t<div class=\"elementor-widget-container\">\n\t\t\t\t\t\n<!-- start Sideways Vertical Text -->\n<style>\/* widget: Sideways Vertical Text *\/\n\n#uc_sideways_vertical_text_elementor_6944a5c\n{\n  writing-mode: vertical-rl;\n  text-orientation: mixed;\n  color:#56BABA;\n  text-decoration:none;\n  display:flex;\n  justify-content:center;\n  align-items:center;\n  white-space: nowrap;\n  \n  \n\t\n\n  \n}\n\n<\/style>\n\n\t\n<h1 id=\"uc_sideways_vertical_text_elementor_6944a5c\" class=\"sideways_vertical_text\">\n\n  \n\n\n    about agora.\n  \n\n  \n  \n<\/h1>\n      \n\n<!-- end Sideways Vertical Text -->\t\t\t\t<\/div>\n\t\t\t\t<\/div>\n\t\t\t\t<\/div>\n\t\t\t\t\t<\/div>\n\t\t\t\t<\/div>\n\t\t\t\t<\/div>\n\t\t","protected":false},"excerpt":{"rendered":"<p>about agora elvan salman Linkedin about agora.<\/p>\n","protected":false},"author":1,"featured_media":0,"parent":0,"menu_order":0,"comment_status":"closed","ping_status":"closed","template":"","meta":{"_acf_changed":false,"_monsterinsights_skip_tracking":false,"_monsterinsights_sitenote_active":false,"_monsterinsights_sitenote_note":"","_monsterinsights_sitenote_category":0,"footnotes":""},"class_list":["post-1066","page","type-page","status-publish","hentry"],"acf":[],"_links":{"self":[{"href":"https:\/\/www.agora-communications.com\/en\/wp-json\/wp\/v2\/pages\/1066","targetHints":{"allow":["GET"]}}],"collection":[{"href":"https:\/\/www.agora-communications.com\/en\/wp-json\/wp\/v2\/pages"}],"about":[{"href":"https:\/\/www.agora-communications.com\/en\/wp-json\/wp\/v2\/types\/page"}],"author":[{"embeddable":true,"href":"https:\/\/www.agora-communications.com\/en\/wp-json\/wp\/v2\/users\/1"}],"replies":[{"embeddable":true,"href":"https:\/\/www.agora-communications.com\/en\/wp-json\/wp\/v2\/comments?post=1066"}],"version-history":[{"count":1,"href":"https:\/\/www.agora-communications.com\/en\/wp-json\/wp\/v2\/pages\/1066\/revisions"}],"predecessor-version":[{"id":1067,"href":"https:\/\/www.agora-communications.com\/en\/wp-json\/wp\/v2\/pages\/1066\/revisions\/1067"}],"wp:attachment":[{"href":"https:\/\/www.agora-communications.com\/en\/wp-json\/wp\/v2\/media?parent=1066"}],"curies":[{"name":"wp","href":"https:\/\/api.w.org\/{rel}","templated":true}]}}