{"id":1088,"date":"2025-05-10T14:38:50","date_gmt":"2025-05-10T14:38:50","guid":{"rendered":"https:\/\/www.agora-communications.com\/corporate-consultancy\/"},"modified":"2026-03-05T15:13:48","modified_gmt":"2026-03-05T15:13:48","slug":"corporate-consultancy","status":"publish","type":"page","link":"https:\/\/www.agora-communications.com\/en\/corporate-consultancy\/","title":{"rendered":"Corporate Consultancy"},"content":{"rendered":"\t\t<div data-elementor-type=\"wp-post\" data-elementor-id=\"1088\" class=\"elementor elementor-1088 elementor-6\" data-elementor-post-type=\"page\">\n\t\t\t\t<div class=\"elementor-element elementor-element-04649b8 e-flex e-con-boxed e-con e-parent\" data-id=\"04649b8\" data-element_type=\"container\">\n\t\t\t\t\t<div class=\"e-con-inner\">\n\t\t<div class=\"elementor-element elementor-element-e4631c8 e-con-full e-flex e-con e-child\" data-id=\"e4631c8\" data-element_type=\"container\">\n\t\t\t\t<div class=\"elementor-element elementor-element-3b730ad elementor-widget-divider--view-line_text elementor-widget-divider--element-align-left elementor-invisible elementor-widget elementor-widget-divider\" data-id=\"3b730ad\" data-element_type=\"widget\" data-settings=\"{&quot;_animation&quot;:&quot;fadeInDown&quot;}\" data-widget_type=\"divider.default\">\n\t\t\t\t<div class=\"elementor-widget-container\">\n\t\t\t\t\t\t\t<div class=\"elementor-divider\">\n\t\t\t<span class=\"elementor-divider-separator\">\n\t\t\t\t\t\t<\/span>\n\t\t<\/div>\n\t\t\t\t\t\t<\/div>\n\t\t\t\t<\/div>\n\t\t\t\t<div class=\"elementor-element elementor-element-fb11fb9 elementor-widget elementor-widget-ucaddon_list\" data-id=\"fb11fb9\" data-element_type=\"widget\" data-widget_type=\"ucaddon_list.default\">\n\t\t\t\t<div class=\"elementor-widget-container\">\n\t\t\t\t\t\n<!-- start List -->\n\t\t<link id='font-awesome-css' href='https:\/\/www.agora-communications.com\/wp-content\/plugins\/unlimited-elements-for-elementor-premium\/assets_libraries\/font-awesome6\/fontawesome-all.min.css' type='text\/css' rel='stylesheet' >\n\t\t<link id='font-awesome-4-shim-css' href='https:\/\/www.agora-communications.com\/wp-content\/plugins\/unlimited-elements-for-elementor-premium\/assets_libraries\/font-awesome6\/fontawesome-v4-shims.min.css' type='text\/css' rel='stylesheet' >\n\n<style>\/* widget: List *\/\n\n\r\n@keyframes uc_list_elementor_fb11fb9__item-animation {\r\n  0% {\r\n            \r\n        \t        \tfilter: blur(10px);\r\n\t\t\t\r\n    \t    opacity: 0;\r\n  }\r\n  100% {\r\n            \r\n        \t            filter: blur(0px);\r\n            \r\n    \t\topacity: 1;\r\n  }\r\n}\r\n\r\n\r\n#uc_list_elementor_fb11fb9 .ue-list-item{\r\n\topacity:0;\r\n}\r\n\r\n\r\n#uc_list_elementor_fb11fb9 .uc-entrance-animate {\r\n  opacity:1;\r\n}\r\n\r\n#uc_list_elementor_fb11fb9 .uc-entrance-animate {\r\n\tanimation: uc_list_elementor_fb11fb9__item-animation 0.6s cubic-bezier(0.470, 0.000, 0.745, 0.715) both;\r\n}\r\n\r\n\t\t\t\n\n#uc_list_elementor_fb11fb9{\n  display:grid;\n  position:relative;\n}\n\n#uc_list_elementor_fb11fb9 .ue-list-item{\n  display:flex;\n}\n\n#uc_list_elementor_fb11fb9 .ue-list-item-title{\n  display:flex;\n  align-items: center;\n} \n\n\n\n#uc_list_elementor_fb11fb9 .ue-list-item-image img{\n  max-width:100%;\n}\n\n#uc_list_elementor_fb11fb9 .ue-list-item-text *{\n  transition: inherit;\n}\n\n#uc_list_elementor_fb11fb9 .ue-list-item-index{\n  flex-grow:0;\n  flex-shrink:0;\n  display:flex;\n  align-items:center;\n  justify-content:center;\n  line-height:1em;\n}\n\n#uc_list_elementor_fb11fb9 .ue-list-item-index svg{\n  height:1em;\n  width:1em;\n}\n\n#uc_list_elementor_fb11fb9 .ue-list-item-content{\n  flex-grow:1;\n}\n\n.ue_badge{\n  font-size:13px;\n}\n\n<\/style>\n\n<div id=\"uc_list_elementor_fb11fb9\" class=\"ue-list uc-items-wrapper  \"  >\n  <a class=\"ue-list-item elementor-repeater-item-ibq32\" >\n  <div class=\"ue-list-item-index\">\n                              <i class='fas fa-check'><\/i>\n                    \n  <\/div>\n  <div class=\"ue-list-item-content\">\n    <h2 class=\"ue-list-item-title\">Corporate Brand Building & Development \n                  <\/h2>\n          <div class=\"ue-list-item-text\"><p>We define your brand\u2019s future vision, core values, and the strengths that have brought you to where you are today. Through in-depth analyses with all key stakeholders, we shape your brand\u2019s distinctive story and build it on a solid strategic foundation.<\/p>\n<p>Agora, kurumsal markan\u0131z\u0131 olu\u015ftururken \u00f6ncelikle sizi dinliyor; markan\u0131z\u0131n de\u011ferlerini, kurum k\u00fclt\u00fcr\u00fcn\u00fc ve i\u015f yap\u0131\u015f bi\u00e7iminizi analiz ediyor.<\/p>\n<\/div>          <\/div>\n<\/a>\n<a class=\"ue-list-item elementor-repeater-item-buv57\" >\n  <div class=\"ue-list-item-index\">\n                              <i class='fas fa-check'><\/i>\n                    \n  <\/div>\n  <div class=\"ue-list-item-content\">\n    <h2 class=\"ue-list-item-title\">Integrating the Brand Story Across Channels \n                  <\/h2>\n          <div class=\"ue-list-item-text\"><p>A story alone is not enough\u2014it must be visible on the right platforms, with the right messages.<\/p>\n<p>At Agora, <br \/>\n\u2714 We create a consistent brand language both internally and externally through integrated communication strategies.<\/p>\n<p>\u2714 Across channels such as social media, internal communication, and media relations, we ensure a coherent and strategic flow in areas including employee experience, leadership communication, sustainability, and brand communication.<\/p>\n<\/div>          <\/div>\n<\/a>\n<a class=\"ue-list-item elementor-repeater-item-iit39\" >\n  <div class=\"ue-list-item-index\">\n                              <i class='fas fa-check'><\/i>\n                    \n  <\/div>\n  <div class=\"ue-list-item-content\">\n    <h2 class=\"ue-list-item-title\">Corporate Culture & Employee Engagement \n                  <\/h2>\n          <div class=\"ue-list-item-text\"><p>Before investing in ten billboards across a city, organizations should first prioritize their people. With a living corporate culture\u2014and the right communication approach\u2014employees move beyond being staff members and become true brand advocates. Most importantly, a strong sense of belonging to the organization is built.<\/p>\n<p>Through strategic internal communication, Agora strengthens employee engagement and enhances corporate reputation both internally and externally.<\/p>\n<\/div>          <\/div>\n<\/a>\n<a class=\"ue-list-item elementor-repeater-item-6zih0\" >\n  <div class=\"ue-list-item-index\">\n                              <i class='fas fa-check'><\/i>\n                    \n  <\/div>\n  <div class=\"ue-list-item-content\">\n    <h2 class=\"ue-list-item-title\">Social Sustainability Projects \n                  <\/h2>\n          <div class=\"ue-list-item-text\"><p>We design measurable projects that increase your brand\u2019s social impact while supporting business growth. Successful and sustainable social responsibility initiatives must be aligned with both brand narrative and business strategy.<\/p>\n<p>By approaching social impact projects strategically, Agora places reputation management on a sustainable and long-term foundation.<\/p>\n<\/div>          <\/div>\n<\/a>\n<a class=\"ue-list-item elementor-repeater-item-v3809\" >\n  <div class=\"ue-list-item-index\">\n                              <i class='fas fa-check'><\/i>\n                    \n  <\/div>\n  <div class=\"ue-list-item-content\">\n    <h2 class=\"ue-list-item-title\">Award Strategy and Submission Consulting \n                  <\/h2>\n          <div class=\"ue-list-item-text\"><p>Corporate awards not only provide powerful platforms for showcasing a company\u2019s projects, achievements, and impact, but also play an important role in sustaining team motivation and recognition.<br \/>\nAgora helps organizations identify the most relevant national and international awards for their projects, develop a clear submission strategy, and manage the preparation of award applications.<\/p>\n<p>\u00a0<\/p>\n<\/div>          <\/div>\n<\/a>\n\n<\/div>\n<!-- end List -->\t\t\t\t<\/div>\n\t\t\t\t<\/div>\n\t\t\t\t<div class=\"elementor-element elementor-element-fdd961b elementor-widget-divider--view-line_text elementor-widget-divider--element-align-left elementor-invisible elementor-widget elementor-widget-divider\" data-id=\"fdd961b\" data-element_type=\"widget\" data-settings=\"{&quot;_animation&quot;:&quot;fadeInDown&quot;}\" data-widget_type=\"divider.default\">\n\t\t\t\t<div class=\"elementor-widget-container\">\n\t\t\t\t\t\t\t<div class=\"elementor-divider\">\n\t\t\t<span class=\"elementor-divider-separator\">\n\t\t\t\t\t\t\t<h2 class=\"elementor-divider__text elementor-divider__element\">\n\t\t\t\tour references\t\t\t\t<\/h2>\n\t\t\t\t\t\t<\/span>\n\t\t<\/div>\n\t\t\t\t\t\t<\/div>\n\t\t\t\t<\/div>\n\t\t\t\t<div class=\"elementor-element elementor-element-e05cbdf elementor-widget elementor-widget-ucaddon_logo_grid\" data-id=\"e05cbdf\" data-element_type=\"widget\" data-widget_type=\"ucaddon_logo_grid.default\">\n\t\t\t\t<div class=\"elementor-widget-container\">\n\t\t\t\t\t\n<!-- start Logo Grid -->\n<style>\/* widget: Logo Grid *\/\n\n#uc_logo_grid_elementor_e05cbdf {\n  display: grid;\n}\n#uc_logo_grid_elementor_e05cbdf .ue-logo-title\n{\n  width:100%;\n  position:absolute;\n  bottom:0;\n  text-align:center;\n  left:0;\n}\n\n#uc_logo_grid_elementor_e05cbdf div.logo-grid-item\n{\ntext-align:center;\ndisplay:flex;\nflex-direction:column;\njustify-content:center;\nalign-items:center;\noverflow:hidden;\n  position:relative;\n  transition:0.3s;\n\n}\n\n#uc_logo_grid_elementor_e05cbdf div.logo-grid-item img\n{\nwidth:100%;\n  object-fit: contain;\n  display:block;\n  mix-blend-mode: normal;\n  position:absolute;\n  top:0;\n  left:0;\n  right:0;\n  bottom:0;\n  height:100%;\n  transition:0.3s;\n}\n\n\n\n#uc_logo_grid_elementor_e05cbdf a\n{\n  display:block;\n  position:absolute;\n  top:0;\n  left:0;\n  right:0;\n  bottom:0;\n  cursor:pointer;\n  display:flex;\njustify-content:center;\nalign-items:center;\n}\n\n<\/style>\n\n<div id=\"uc_logo_grid_elementor_e05cbdf\" class=\"ue-logo-grid uc-items-wrapper \" >\n\t\t   <div class=\"logo-grid-item elementor-animation-grow\" >\n   \n\t<a target=\"_blank\" href=\"https:\/\/www.zeplinenerji.com.tr\/\" rel=\"noopener\"> \n\t\n  \n    <img fetchpriority=\"high\" decoding=\"async\" src=\"https:\/\/www.agora-communications.com\/wp-content\/uploads\/2026\/01\/Zeplin-Enerji.jpg\" title=\"Logo\"  src=\"https:\/\/www.agora-communications.com\/wp-content\/uploads\/2026\/01\/Zeplin-Enerji.jpg\" alt=\"1.83.0-UCPIZNERNCDNCZEEK5NEQJ6C3Q.0.2-7\" width=\"512\" height=\"512\">\n      \t\n      \n  <\/a>\n  \t\n<\/div>\n<div class=\"logo-grid-item elementor-animation-grow\" >\n   \n\t<a target=\"_blank\" href=\"https:\/\/www.zeplincar.com\" rel=\"noopener\"> \n\t\n  \n    <img decoding=\"async\" src=\"https:\/\/www.agora-communications.com\/wp-content\/uploads\/2025\/08\/Zeplin_logo.png\" title=\"Logo\"  src=\"https:\/\/www.agora-communications.com\/wp-content\/uploads\/2025\/08\/Zeplin_logo.png\" alt=\"Zeplin_logo\" width=\"225\" height=\"225\">\n      \t\n      \n  <\/a>\n  \t\n<\/div>\n\n    <\/div>\n<!-- end Logo Grid -->\t\t\t\t<\/div>\n\t\t\t\t<\/div>\n\t\t\t\t<div class=\"elementor-element elementor-element-d96d80e animated-slow elementor-hidden-desktop elementor-hidden-tablet elementor-hidden-mobile elementor-invisible elementor-widget elementor-widget-ucaddon_logo_carousel\" data-id=\"d96d80e\" data-element_type=\"widget\" data-settings=\"{&quot;_animation&quot;:&quot;fadeIn&quot;}\" data-widget_type=\"ucaddon_logo_carousel.default\">\n\t\t\t\t<div class=\"elementor-widget-container\">\n\t\t\t\t\t\n<!-- start Logo Carousel -->\n\t\t<link id='owl-carousel-css' href='https:\/\/www.agora-communications.com\/wp-content\/plugins\/unlimited-elements-for-elementor-premium\/assets_libraries\/owl-carousel-new\/assets\/owl.carousel.css' type='text\/css' rel='stylesheet' >\n\n<style>\/* widget: Logo Carousel *\/\n\n#uc_logo_carousel_elementor_d96d80e{\n  min-height:1px;\n}\n\n#uc_logo_carousel_elementor_d96d80e *{\n  box-sizing:border-box;\n}\n\n#uc_logo_carousel_elementor_d96d80e .owl-nav .owl-prev{\n    position:absolute;\n  \n    display:inline-block;\n    text-align:center;\n}\n#uc_logo_carousel_elementor_d96d80e .owl-nav .owl-next{\n  position:absolute;\n\n  display:inline-block;\n  text-align:center;\n}\n\n\n#uc_logo_carousel_elementor_d96d80e .owl-dots {\noverflow:hidden;\ndisplay:block !important;\ntext-align:center;\n}\n\n#uc_logo_carousel_elementor_d96d80e .owl-dots button{\npadding: 0;\n}\n\n#uc_logo_carousel_elementor_d96d80e .owl-dot {\nborder-radius:50%;\ndisplay:inline-block;\n}\n\n\n#uc_logo_carousel_elementor_d96d80e{\n\ttext-align: center;\n  position:relative;\n}\n#uc_logo_carousel_elementor_d96d80e .uc_logo_carousel_holder{\n    display:flex;\n    align-items: center;\n    justify-content:center;\n    flex-wrap: wrap;\n    width: 100%;\n}\n#uc_logo_carousel_elementor_d96d80e .uc_logo_carousel_holder a\n{height:100%;\n    width: 100%;\n  display:flex;\n  align-items: center;\n    justify-content:center;\n}\n\n#uc_logo_carousel_elementor_d96d80e  img{\n    height:100%;\n    width: 100%;\n    object-fit: contain;\n}\n\n\n\n\n<\/style>\n\n<div class=\"uc_logo_carousel\"  style=\"direction:ltr;\">\n   <div class=\"uc_carousel owl-carousel owl-theme uc-items-wrapper  \" id=\"uc_logo_carousel_elementor_d96d80e\"   data-new-tab=\"false\">\n   \t\t\n<div class=\"uc_logo_carousel\">\n    \n    <div class=\"uc_logo_carousel_holder ue-item\">\n          <a href=\"https:\/\/www.zeplinenerji.com.tr\/\" target=\"_blank\" rel=\"noopener\">\n          <img decoding=\"async\" src=\"https:\/\/www.agora-communications.com\/wp-content\/uploads\/2026\/01\/Zeplin-Enerji.jpg\"  src=\"https:\/\/www.agora-communications.com\/wp-content\/uploads\/2026\/01\/Zeplin-Enerji.jpg\" alt=\"1.83.0-UCPIZNERNCDNCZEEK5NEQJ6C3Q.0.2-7\" width=\"512\" height=\"512\" >\n          <\/a>\n    <\/div>\n\t\n      \n<\/div>\n\n<div class=\"uc_logo_carousel\">\n    \n    <div class=\"uc_logo_carousel_holder ue-item\">\n          <a href=\"https:\/\/www.zeplincar.com\" target=\"_blank\" rel=\"noopener\">\n          <img loading=\"lazy\" decoding=\"async\" src=\"https:\/\/www.agora-communications.com\/wp-content\/uploads\/2025\/08\/Zeplin_logo.png\"  src=\"https:\/\/www.agora-communications.com\/wp-content\/uploads\/2025\/08\/Zeplin_logo.png\" alt=\"Zeplin_logo\" width=\"225\" height=\"225\" >\n          <\/a>\n    <\/div>\n\t\n      \n<\/div>\n\n   <\/div>\t\n<\/div>\n<!-- end Logo Carousel -->\t\t\t\t<\/div>\n\t\t\t\t<\/div>\n\t\t\t\t<\/div>\n\t\t<div class=\"elementor-element elementor-element-50458b2 e-con-full e-flex e-con e-child\" data-id=\"50458b2\" data-element_type=\"container\">\n\t\t\t\t<div class=\"elementor-element elementor-element-6944a5c animated-slow elementor-invisible elementor-widget elementor-widget-ucaddon_sideways_vertical_text\" data-id=\"6944a5c\" data-element_type=\"widget\" data-settings=\"{&quot;sticky&quot;:&quot;top&quot;,&quot;sticky_offset&quot;:180,&quot;sticky_parent&quot;:&quot;yes&quot;,&quot;_animation&quot;:&quot;fadeIn&quot;,&quot;sticky_offset_mobile&quot;:120,&quot;sticky_on&quot;:[&quot;desktop&quot;,&quot;tablet&quot;,&quot;mobile&quot;],&quot;sticky_effects_offset&quot;:0,&quot;sticky_anchor_link_offset&quot;:0}\" data-widget_type=\"ucaddon_sideways_vertical_text.default\">\n\t\t\t\t<div class=\"elementor-widget-container\">\n\t\t\t\t\t\n<!-- start Sideways Vertical Text -->\n<style>\/* widget: Sideways Vertical Text *\/\n\n#uc_sideways_vertical_text_elementor_6944a5c\n{\n  writing-mode: vertical-rl;\n  text-orientation: mixed;\n  color:#56BABA;\n  text-decoration:none;\n  display:flex;\n  justify-content:center;\n  align-items:center;\n  white-space: nowrap;\n  \n  \n\t\n\n  \n}\n\n<\/style>\n\n\t\n<div id=\"uc_sideways_vertical_text_elementor_6944a5c\" class=\"sideways_vertical_text\">\n\n  \n\n\n    consultancy.\n  \n\n  \n  \n<\/div>\n      \n\n<!-- end Sideways Vertical Text -->\t\t\t\t<\/div>\n\t\t\t\t<\/div>\n\t\t\t\t<\/div>\n\t\t\t\t\t<\/div>\n\t\t\t\t<\/div>\n\t\t\t\t<\/div>\n\t\t","protected":false},"excerpt":{"rendered":"<p>our references consultancy.<\/p>\n","protected":false},"author":1,"featured_media":0,"parent":0,"menu_order":0,"comment_status":"closed","ping_status":"closed","template":"","meta":{"_acf_changed":false,"_monsterinsights_skip_tracking":false,"_monsterinsights_sitenote_active":false,"_monsterinsights_sitenote_note":"","_monsterinsights_sitenote_category":0,"footnotes":""},"class_list":["post-1088","page","type-page","status-publish","hentry"],"acf":[],"_links":{"self":[{"href":"https:\/\/www.agora-communications.com\/en\/wp-json\/wp\/v2\/pages\/1088","targetHints":{"allow":["GET"]}}],"collection":[{"href":"https:\/\/www.agora-communications.com\/en\/wp-json\/wp\/v2\/pages"}],"about":[{"href":"https:\/\/www.agora-communications.com\/en\/wp-json\/wp\/v2\/types\/page"}],"author":[{"embeddable":true,"href":"https:\/\/www.agora-communications.com\/en\/wp-json\/wp\/v2\/users\/1"}],"replies":[{"embeddable":true,"href":"https:\/\/www.agora-communications.com\/en\/wp-json\/wp\/v2\/comments?post=1088"}],"version-history":[{"count":2,"href":"https:\/\/www.agora-communications.com\/en\/wp-json\/wp\/v2\/pages\/1088\/revisions"}],"predecessor-version":[{"id":1092,"href":"https:\/\/www.agora-communications.com\/en\/wp-json\/wp\/v2\/pages\/1088\/revisions\/1092"}],"wp:attachment":[{"href":"https:\/\/www.agora-communications.com\/en\/wp-json\/wp\/v2\/media?parent=1088"}],"curies":[{"name":"wp","href":"https:\/\/api.w.org\/{rel}","templated":true}]}}